{"id":539,"date":"2016-01-04T12:18:48","date_gmt":"2016-01-04T12:18:48","guid":{"rendered":"http:\/\/renew.templines.org\/?page_id=539"},"modified":"2025-10-20T11:37:58","modified_gmt":"2025-10-20T11:37:58","slug":"emc","status":"publish","type":"page","link":"https:\/\/erservicesllc.com\/es\/","title":{"rendered":"ER Services"},"content":{"rendered":"<div data-vc-full-width=\"true\" data-vc-full-width-init=\"false\" class=\"vc_row wpb_row vc_row-fluid vc_pixrow-no-padding vc_custom_1759869166657\"><div class=\"wpb_column vc_column_container vc_col-sm-12\"><div class=\"vc_column-inner\"><div class=\"wpb_wrapper\"><div class=\"vc_row wpb_row vc_inner vc_row-fluid vc_row-o-content-middle vc_row-flex\"><div class=\"formahome wpb_column vc_column_container vc_col-sm-12\"><div class=\"vc_column-inner\"><div class=\"wpb_wrapper\"><div class=\"vc_empty_space\"   style=\"height: 200px\"><span class=\"vc_empty_space_inner\"><\/span><\/div>\n\t<div class=\"wpb_text_column wpb_content_element  subtitulo\" >\n\t\t<div class=\"wpb_wrapper\">\n\t\t\t<p style=\"text-align: center; font-size: 26px;\"><b>From post construction cleaning to final touches, serving the Katy to Houston area, we handle it all.<\/b><\/p>\n<p style=\"text-align: center; font-size: 20px;\"><b>Cleaning, remodeling, and painting done right, on time, and at a competitive price.<\/b><\/p>\n\n\t\t<\/div>\n\t<\/div>\n\n\t<div class=\"wpb_text_column wpb_content_element  texto\" >\n\t\t<div class=\"wpb_wrapper\">\n\t\t\t<p><span style=\"font-weight: 400;\">Backed by over 10 years of construction experience and a woman\u2019s eye for detail, we deliver flawless results with care, precision, and zero loose ends. Perfect for builders, property managers, and homeowners who want it done right the first time.<\/span><\/p>\n\n\t\t<\/div>\n\t<\/div>\n<\/div><\/div><\/div><\/div><div class=\"vc_row wpb_row vc_inner vc_row-fluid filaHome vc_row-o-content-middle vc_row-flex\"><div class=\"formahome wpb_column vc_column_container vc_col-sm-6\"><div class=\"vc_column-inner\"><div class=\"wpb_wrapper\">\n\t<div  class=\"wpb_single_image wpb_content_element vc_align_right  vc_custom_1760026511942\">\n\t\t\n\t\t<figure class=\"wpb_wrapper vc_figure\">\n\t\t\t<div class=\"vc_single_image-wrapper   vc_box_border_grey\"><img loading=\"lazy\" decoding=\"async\" class=\"vc_single_image-img\" src=\"https:\/\/erservicesllc.com\/wp-content\/uploads\/2025\/05\/WhatsApp-Image-2025-05-29-at-22.06.00-1426x808-200x113.jpeg\" width=\"200\" height=\"113\" alt=\"WhatsApp Image 2025-05-29 at 22.06.00\" title=\"WhatsApp Image 2025-05-29 at 22.06.00\" \/><\/div>\n\t\t<\/figure>\n\t<\/div>\n<\/div><\/div><\/div><div class=\"wpb_column vc_column_container vc_col-sm-6\"><div class=\"vc_column-inner\"><div class=\"wpb_wrapper\"><div class=\"vc_btn3-container  botonesHome vc_btn3-inline vc_custom_1760026725982\" ><a class=\"vc_general vc_btn3 vc_btn3-size-md vc_btn3-shape-rounded vc_btn3-style-classic vc_btn3-color-danger\" href=\"https:\/\/erservicesllc.com\/es\/schedule-a-visit\/\" title=\"\">Schedule a Visit<\/a><\/div><div class=\"vc_empty_space\"   style=\"height: 10px\"><span class=\"vc_empty_space_inner\"><\/span><\/div><div class=\"vc_btn3-container  botonesHome vc_btn3-inline vc_custom_1760026742732\" ><a class=\"vc_general vc_btn3 vc_btn3-size-md vc_btn3-shape-rounded vc_btn3-style-classic vc_btn3-color-danger\" href=\"https:\/\/erservicesllc.com\/es\/free-quote\/\" title=\"\">Get a Free Quote<\/a><\/div><\/div><\/div><\/div><\/div><\/div><\/div><\/div><\/div><div class=\"vc_row-full-width\"><\/div><div class=\"vc_row wpb_row vc_row-fluid vc_pixrow-no-padding\"><div class=\"wpb_column vc_column_container vc_col-sm-12\"><div class=\"vc_column-inner\"><div class=\"wpb_wrapper\"><div class=\"vc_row wpb_row vc_inner vc_row-fluid\"><div class=\"wpb_column vc_column_container vc_col-sm-12\"><div class=\"vc_column-inner\"><div class=\"wpb_wrapper\">\n\t<div  class=\"wpb_single_image wpb_content_element vc_align_center  vc_custom_1760026602563\">\n\t\t\n\t\t<figure class=\"wpb_wrapper vc_figure\">\n\t\t\t<div class=\"vc_single_image-wrapper   vc_box_border_grey\"><img loading=\"lazy\" decoding=\"async\" width=\"1165\" height=\"313\" src=\"https:\/\/erservicesllc.com\/wp-content\/uploads\/2025\/10\/obras-1165x313.jpg\" class=\"vc_single_image-img attachment-full\" alt=\"\" srcset=\"https:\/\/erservicesllc.com\/wp-content\/uploads\/2025\/10\/obras-1165x313.jpg 1165w, https:\/\/erservicesllc.com\/wp-content\/uploads\/2025\/10\/obras-300x81.jpg 300w, https:\/\/erservicesllc.com\/wp-content\/uploads\/2025\/10\/obras-768x206.jpg 768w, https:\/\/erservicesllc.com\/wp-content\/uploads\/2025\/10\/obras-1024x275.jpg 1024w, https:\/\/erservicesllc.com\/wp-content\/uploads\/2025\/10\/obras-18x5.jpg 18w\" sizes=\"auto, (max-width: 1165px) 100vw, 1165px\" \/><\/div>\n\t\t<\/figure>\n\t<\/div>\n<\/div><\/div><\/div><\/div><\/div><\/div><\/div><\/div><div id=\"row01\" data-vc-full-width=\"true\" data-vc-full-width-init=\"false\" class=\"vc_row wpb_row vc_row-fluid vc_pixrow-no-padding text-white vc_custom_1760023355547\"><div class=\"wpb_column vc_column_container vc_col-sm-8\"><div class=\"vc_column-inner\"><div class=\"wpb_wrapper\">\n\t<div class=\"wpb_text_column wpb_content_element  questions\" >\n\t\t<div class=\"wpb_wrapper\">\n\t\t\t<p>Contact us today at (786) 257-6756 to get started on your next project!<\/p>\n\n\t\t<\/div>\n\t<\/div>\n<\/div><\/div><\/div><div class=\"text-right wpb_column vc_column_container vc_col-sm-4\"><div class=\"vc_column-inner\"><div class=\"wpb_wrapper\"><\/div><\/div><\/div><\/div><div class=\"vc_row-full-width\"><\/div><div class=\"vc_row wpb_row vc_row-fluid vc_pixrow-no-padding vc_custom_1687459035388\"><div class=\"wpb_column vc_column_container vc_col-sm-12\"><div class=\"vc_column-inner\"><div class=\"wpb_wrapper\">\n\t\t<div class=\"row\">\n\t\t\t<div id=\"testimonials2\" class=\"col-lg-12 testimonial-carousel owl-carousel enable-owl-carousel owl-theme\"  data-autoplay = \"4000\" data-loop = \"1\"  data-itemmobile = \"1\" data-itemtablet = \"1\"  data-itemdesktop = \"2\">\n\t\t\t\t\n\n\t\t<div class=\"testimonial block clearfix\">\n\t\t\t<div class=\"description\">\n\t\t\t\tService: Regular Clinic Cleaning and Shining.<\/p>\n<p>I have a fantastic experience with ER Services! They are extremely professional\u2014great communication, attention to detail, and very competitive pricing. Highly recommend them to any clinic or medical office looking for reliable and high-quality cleaning services.\n\t\t\t\t<div class=\"quote\"><\/div>\n\t\t\t\t<div class=\"down-arrow\"><\/div>\n\t\t\t<\/div>\n\t\t\t<div class=\"clearfix\"><\/div>\n\t\t\t<div class=\"details clearfix\">\n\t\t\t\t<div class=\"picture\"><img decoding=\"async\" src=\"https:\/\/erservicesllc.com\/wp-content\/uploads\/2022\/09\/avatar-60x60.jpg\" class=\"img-responsive img-circle\" alt=\"avatar\" ><\/div>\n\t\t\t\t<div class=\"info\">\n\t\t\t\t\t<div class=\"name\">Suhyun An DC, MSN<\/div>\n\t\t\t\t\t<div class=\"company\">Campbel Clinic - Houston<\/div>\n\t\t\t\t<\/div>\n\t\t\t\t<div class=\"stars pull-right\"><i class=\"fa fa-star\"><\/i> <i class=\"fa fa-star\"><\/i> <i class=\"fa fa-star\"><\/i> <i class=\"fa fa-star\"><\/i> <i class=\"fa fa-star\"><\/i><\/div>\n\t\t\t<\/div>\n\t\t<\/div>\n\n\t\n\n\t\t<div class=\"testimonial block clearfix\">\n\t\t\t<div class=\"description\">\n\t\t\t\tService: Regular Cleaning.<\/p>\n<p>ER Services has been a true lifesaver for our family. My wife has been dealing with back pain and is no longer able to clean the house like she used to. We hired ER Services for regular cleaning, and the difference has been incredible. They\u2019re thorough, respectful, and always on time. The house looks and feels fresh after every visit. We\u2019re so grateful for their help and highly recommend them to anyone needing dependable and caring cleaning services.\n\t\t\t\t<div class=\"quote\"><\/div>\n\t\t\t\t<div class=\"down-arrow\"><\/div>\n\t\t\t<\/div>\n\t\t\t<div class=\"clearfix\"><\/div>\n\t\t\t<div class=\"details clearfix\">\n\t\t\t\t<div class=\"picture\"><img decoding=\"async\" src=\"https:\/\/erservicesllc.com\/wp-content\/uploads\/2022\/09\/avatar-60x60.jpg\" class=\"img-responsive img-circle\" alt=\"avatar\" ><\/div>\n\t\t\t\t<div class=\"info\">\n\t\t\t\t\t<div class=\"name\">Gabriel Espinosa<\/div>\n\t\t\t\t\t<div class=\"company\">Residential-Katy<\/div>\n\t\t\t\t<\/div>\n\t\t\t\t<div class=\"stars pull-right\"><i class=\"fa fa-star\"><\/i> <i class=\"fa fa-star\"><\/i> <i class=\"fa fa-star\"><\/i> <i class=\"fa fa-star\"><\/i> <i class=\"fa fa-star\"><\/i><\/div>\n\t\t\t<\/div>\n\t\t<\/div>\n\n\t\n\n\t\t<div class=\"testimonial block clearfix\">\n\t\t\t<div class=\"description\">\n\t\t\t\tService: Regular Cleaning.<\/p>\n<p>With my busy work schedule and the demands of daily life, I just don\u2019t have the time to keep up with cleaning the house. Hiring ER Services has been one of the best decisions I\u2019ve made. They are punctual, efficient, and leave everything spotless, and the price is the best. It\u2019s such a relief to come home after a long day and find everything clean and in order.\n\t\t\t\t<div class=\"quote\"><\/div>\n\t\t\t\t<div class=\"down-arrow\"><\/div>\n\t\t\t<\/div>\n\t\t\t<div class=\"clearfix\"><\/div>\n\t\t\t<div class=\"details clearfix\">\n\t\t\t\t<div class=\"picture\"><img decoding=\"async\" src=\"https:\/\/erservicesllc.com\/wp-content\/uploads\/2022\/09\/avatar-60x60.jpg\" class=\"img-responsive img-circle\" alt=\"avatar\" ><\/div>\n\t\t\t\t<div class=\"info\">\n\t\t\t\t\t<div class=\"name\">Susan Montoya<\/div>\n\t\t\t\t\t<div class=\"company\">Residential-Houston<\/div>\n\t\t\t\t<\/div>\n\t\t\t\t<div class=\"stars pull-right\"><i class=\"fa fa-star\"><\/i> <i class=\"fa fa-star\"><\/i> <i class=\"fa fa-star\"><\/i> <i class=\"fa fa-star\"><\/i> <i class=\"fa fa-star\"><\/i><\/div>\n\t\t\t<\/div>\n\t\t<\/div>\n\n\t\n\t\t\t<\/div>\n\t\t<\/div>\n\t<\/div><\/div><\/div><\/div><div data-vc-full-width=\"true\" data-vc-full-width-init=\"false\" class=\"vc_row wpb_row vc_row-fluid vc_pixrow-no-padding vc_custom_1728479850158\"><div class=\"wpb_column vc_column_container vc_col-sm-12\"><div class=\"vc_column-inner\"><div class=\"wpb_wrapper\"><div class=\"vc_row wpb_row vc_inner vc_row-fluid vc_custom_1452362018030\"><div class=\"wpb_column vc_column_container vc_col-sm-12\"><div class=\"vc_column-inner\"><div class=\"wpb_wrapper\">\n\n\t<div class=\"row newsletter\">\n\n\n\t\t<div class=\"col-lg-12\">\n\t\t\t<h1><i class=\"fa fa-envelope\"><\/i> Suscr\u00edbete al bolet\u00edn<\/h1>\n\t\t<\/div>\n\t\n\n\t\t<div class=\"col-lg-4 description\">\u00a1Suscr\u00edbase a nuestro bolet\u00edn semanal para recibir notificaciones y mantenerse actualizado con las \u00faltimas actualizaciones de noticias!<\/div>\n\t\t<div class=\"col-lg-8\">\n\t\t\t<div class=\"form-inline clearfix\">\n\t\t\t\t<script>(function() {\n\twindow.mc4wp = window.mc4wp || {\n\t\tlisteners: [],\n\t\tforms: {\n\t\t\ton: function(evt, cb) {\n\t\t\t\twindow.mc4wp.listeners.push(\n\t\t\t\t\t{\n\t\t\t\t\t\tevent   : evt,\n\t\t\t\t\t\tcallback: cb\n\t\t\t\t\t}\n\t\t\t\t);\n\t\t\t}\n\t\t}\n\t}\n})();\n<\/script><!-- Mailchimp for WordPress v4.9.6 - https:\/\/wordpress.org\/plugins\/mailchimp-for-wp\/ --><form id=\"mc4wp-form-1\" class=\"mc4wp-form mc4wp-form-816 mc4wp-form-basic\" method=\"post\" data-id=\"816\" data-name=\"Sign-up form\" action=\"\" ><div class=\"mc4wp-form-fields\"> <p>\r\n\t<label>Direcci\u00f3n de correo electr\u00f3nico <\/label>\r\n\t<input type=\"email\" name=\"EMAIL\" placeholder=\"Direcci\u00f3n de correo electr\u00f3nico\" required=\"\">\r\n<\/p>\r\n<p>\r\n\t<input type=\"submit\" value=\"Suscribirse\">\r\n<\/p><\/div><label style=\"display: none !important;\">Deja este campo vac\u00edo si eres humano: <input type=\"text\" name=\"_mc4wp_honeypot\" value=\"\" tabindex=\"-1\" autocomplete=\"off\" \/><\/label><input type=\"hidden\" name=\"_mc4wp_timestamp\" value=\"1775498533\" \/><input type=\"hidden\" name=\"_mc4wp_form_id\" value=\"816\" \/><input type=\"hidden\" name=\"_mc4wp_form_element_id\" value=\"mc4wp-form-1\" \/><div class=\"mc4wp-response\"><\/div><input type=\"hidden\" name=\"trp-form-language\" value=\"es\"\/><\/form><!-- \/ Mailchimp for WordPress Plugin -->\n\t\t\t<\/div>\n\t\t<\/div>\n\n\n\t<\/div>\n<\/div><\/div><\/div><\/div><\/div><\/div><\/div><\/div><div class=\"vc_row-full-width\"><\/div><div class=\"vc_row wpb_row vc_row-fluid vc_pixrow-no-padding\"><div class=\"wpb_column vc_column_container vc_col-sm-12\"><div class=\"vc_column-inner\"><div class=\"wpb_wrapper\"><\/div><\/div><\/div><\/div>","protected":false},"excerpt":{"rendered":"From post construction cleaning to final touches, serving the Katy to Houston area, we handle it all. Cleaning, remodeling, and painting done right, on time, and at a competitive price. Backed by over 10 years of construction experience and a woman\u2019s eye for detail, we deliver flawless results with care, precision, and zero loose ends. [...]","protected":false},"author":1,"featured_media":0,"parent":0,"menu_order":0,"comment_status":"closed","ping_status":"closed","template":"home-template.php","meta":{"_themeisle_gutenberg_block_has_review":false,"footnotes":""},"class_list":["post-539","page","type-page","status-publish","hentry"],"yoast_head":"<!-- This site is optimized with the Yoast SEO plugin v20.11 - https:\/\/yoast.com\/wordpress\/plugins\/seo\/ -->\n<title>ER Services<\/title>\n<meta name=\"robots\" content=\"index, follow, max-snippet:-1, max-image-preview:large, max-video-preview:-1\" \/>\n<link rel=\"canonical\" href=\"https:\/\/erservicesllc.com\/es\/\" \/>\n<meta property=\"og:locale\" content=\"es_ES\" \/>\n<meta property=\"og:type\" content=\"article\" \/>\n<meta property=\"og:title\" content=\"ER Services\" \/>\n<meta property=\"og:url\" content=\"https:\/\/erservicesllc.com\/es\/\" \/>\n<meta property=\"og:site_name\" content=\"ER Services\" \/>\n<meta property=\"article:publisher\" content=\"https:\/\/www.facebook.com\/profile.php?id=100085324046654\" \/>\n<meta property=\"article:modified_time\" content=\"2025-10-20T11:37:58+00:00\" \/>\n<meta name=\"twitter:card\" content=\"summary_large_image\" \/>\n<meta name=\"twitter:label1\" content=\"Tiempo estimado de lectura\" \/>\n\t<meta name=\"twitter:data1\" content=\"3 minutos\" \/>\n<script type=\"application\/ld+json\" class=\"yoast-schema-graph\">{\"@context\":\"https:\/\/schema.org\",\"@graph\":[{\"@type\":\"WebPage\",\"@id\":\"https:\/\/erservicesllc.com\/\",\"url\":\"https:\/\/erservicesllc.com\/\",\"name\":\"ER Services\",\"isPartOf\":{\"@id\":\"https:\/\/erservicesllc.com\/#website\"},\"datePublished\":\"2016-01-04T12:18:48+00:00\",\"dateModified\":\"2025-10-20T11:37:58+00:00\",\"breadcrumb\":{\"@id\":\"https:\/\/erservicesllc.com\/#breadcrumb\"},\"inLanguage\":\"es-CO\",\"potentialAction\":[{\"@type\":\"ReadAction\",\"target\":[\"https:\/\/erservicesllc.com\/\"]}]},{\"@type\":\"BreadcrumbList\",\"@id\":\"https:\/\/erservicesllc.com\/#breadcrumb\",\"itemListElement\":[{\"@type\":\"ListItem\",\"position\":1,\"name\":\"Portada\",\"item\":\"https:\/\/erservicesllc.com\/\"},{\"@type\":\"ListItem\",\"position\":2,\"name\":\"ER Services\"}]},{\"@type\":\"WebSite\",\"@id\":\"https:\/\/erservicesllc.com\/#website\",\"url\":\"https:\/\/erservicesllc.com\/\",\"name\":\"ER Services\",\"description\":\"Renovation | Maintenance | Painting\",\"publisher\":{\"@id\":\"https:\/\/erservicesllc.com\/#organization\"},\"alternateName\":\"EMC\",\"potentialAction\":[{\"@type\":\"SearchAction\",\"target\":{\"@type\":\"EntryPoint\",\"urlTemplate\":\"https:\/\/erservicesllc.com\/?s={search_term_string}\"},\"query-input\":\"required name=search_term_string\"}],\"inLanguage\":\"es-CO\"},{\"@type\":\"Organization\",\"@id\":\"https:\/\/erservicesllc.com\/#organization\",\"name\":\"EMC Home improvement\",\"alternateName\":\"EMC\",\"url\":\"https:\/\/erservicesllc.com\/\",\"logo\":{\"@type\":\"ImageObject\",\"inLanguage\":\"es-CO\",\"@id\":\"https:\/\/erservicesllc.com\/#\/schema\/logo\/image\/\",\"url\":\"https:\/\/erservices.usmarketing.io\/wp-content\/uploads\/2023\/04\/EMC-HOME-IMPROVEMENT.png\",\"contentUrl\":\"https:\/\/erservices.usmarketing.io\/wp-content\/uploads\/2023\/04\/EMC-HOME-IMPROVEMENT.png\",\"width\":300,\"height\":400,\"caption\":\"EMC Home improvement\"},\"image\":{\"@id\":\"https:\/\/erservicesllc.com\/#\/schema\/logo\/image\/\"},\"sameAs\":[\"https:\/\/www.facebook.com\/profile.php?id=100085324046654\",\"https:\/\/www.instagram.com\/emchomemiami\/\"]}]}<\/script>\n<!-- \/ Yoast SEO plugin. -->","yoast_head_json":{"title":"ER Services","robots":{"index":"index","follow":"follow","max-snippet":"max-snippet:-1","max-image-preview":"max-image-preview:large","max-video-preview":"max-video-preview:-1"},"canonical":"https:\/\/erservicesllc.com\/es\/","og_locale":"es_ES","og_type":"article","og_title":"ER Services","og_url":"https:\/\/erservicesllc.com\/es\/","og_site_name":"ER Services","article_publisher":"https:\/\/www.facebook.com\/profile.php?id=100085324046654","article_modified_time":"2025-10-20T11:37:58+00:00","twitter_card":"summary_large_image","twitter_misc":{"Tiempo estimado de lectura":"3 minutos"},"schema":{"@context":"https:\/\/schema.org","@graph":[{"@type":"WebPage","@id":"https:\/\/erservicesllc.com\/","url":"https:\/\/erservicesllc.com\/","name":"ER Services","isPartOf":{"@id":"https:\/\/erservicesllc.com\/#website"},"datePublished":"2016-01-04T12:18:48+00:00","dateModified":"2025-10-20T11:37:58+00:00","breadcrumb":{"@id":"https:\/\/erservicesllc.com\/#breadcrumb"},"inLanguage":"es-CO","potentialAction":[{"@type":"ReadAction","target":["https:\/\/erservicesllc.com\/"]}]},{"@type":"BreadcrumbList","@id":"https:\/\/erservicesllc.com\/#breadcrumb","itemListElement":[{"@type":"ListItem","position":1,"name":"Portada","item":"https:\/\/erservicesllc.com\/"},{"@type":"ListItem","position":2,"name":"ER Services"}]},{"@type":"WebSite","@id":"https:\/\/erservicesllc.com\/#website","url":"https:\/\/erservicesllc.com\/","name":"ER Services","description":"Renovation | Maintenance | Painting","publisher":{"@id":"https:\/\/erservicesllc.com\/#organization"},"alternateName":"EMC","potentialAction":[{"@type":"SearchAction","target":{"@type":"EntryPoint","urlTemplate":"https:\/\/erservicesllc.com\/?s={search_term_string}"},"query-input":"required name=search_term_string"}],"inLanguage":"es-CO"},{"@type":"Organization","@id":"https:\/\/erservicesllc.com\/#organization","name":"EMC Home improvement","alternateName":"EMC","url":"https:\/\/erservicesllc.com\/","logo":{"@type":"ImageObject","inLanguage":"es-CO","@id":"https:\/\/erservicesllc.com\/#\/schema\/logo\/image\/","url":"https:\/\/erservices.usmarketing.io\/wp-content\/uploads\/2023\/04\/EMC-HOME-IMPROVEMENT.png","contentUrl":"https:\/\/erservices.usmarketing.io\/wp-content\/uploads\/2023\/04\/EMC-HOME-IMPROVEMENT.png","width":300,"height":400,"caption":"EMC Home improvement"},"image":{"@id":"https:\/\/erservicesllc.com\/#\/schema\/logo\/image\/"},"sameAs":["https:\/\/www.facebook.com\/profile.php?id=100085324046654","https:\/\/www.instagram.com\/emchomemiami\/"]}]}},"_links":{"self":[{"href":"https:\/\/erservicesllc.com\/es\/wp-json\/wp\/v2\/pages\/539","targetHints":{"allow":["GET"]}}],"collection":[{"href":"https:\/\/erservicesllc.com\/es\/wp-json\/wp\/v2\/pages"}],"about":[{"href":"https:\/\/erservicesllc.com\/es\/wp-json\/wp\/v2\/types\/page"}],"author":[{"embeddable":true,"href":"https:\/\/erservicesllc.com\/es\/wp-json\/wp\/v2\/users\/1"}],"replies":[{"embeddable":true,"href":"https:\/\/erservicesllc.com\/es\/wp-json\/wp\/v2\/comments?post=539"}],"version-history":[{"count":118,"href":"https:\/\/erservicesllc.com\/es\/wp-json\/wp\/v2\/pages\/539\/revisions"}],"predecessor-version":[{"id":1908,"href":"https:\/\/erservicesllc.com\/es\/wp-json\/wp\/v2\/pages\/539\/revisions\/1908"}],"wp:attachment":[{"href":"https:\/\/erservicesllc.com\/es\/wp-json\/wp\/v2\/media?parent=539"}],"curies":[{"name":"wp","href":"https:\/\/api.w.org\/{rel}","templated":true}]}}